{"id":740,"date":"2020-01-13T17:12:06","date_gmt":"2020-01-13T16:12:06","guid":{"rendered":"http:\/\/www.uasconferences.com\/2022_icuas\/?page_id=740"},"modified":"2022-06-07T18:01:45","modified_gmt":"2022-06-07T16:01:45","slug":"tutorials","status":"publish","type":"page","link":"https:\/\/www.uasconferences.com\/2022_icuas\/tutorials\/","title":{"rendered":"Tutorials &#038; Workshops"},"content":{"rendered":"\n<h2><strong>All tutorials and workshops will take place on Tuesday June 21, 2022. <\/strong><\/h2>\n\n\n\n<p><strong>Updated information [May 24, 2022]: <\/strong><br>The tutorials and workshops that received the minimum number of advance registrations are:<\/p>\n\n\n\n<ul><li><a href=\"http:\/\/www.uasconferences.com\/2022_icuas\/tutorial-t3-half-day\/\">T3: New Developments on Sense-and-Avoid[\u2026] <\/a>(June 21, full day, 9:00-17:00)<\/li><li><a href=\"http:\/\/www.uasconferences.com\/2022_icuas\/workshop\/\">T6: U-space for the future Urban Air Mobility[\u2026]<\/a> (June 21, half-day, 14:00-18:00)<\/li><li><a href=\"http:\/\/www.uasconferences.com\/2022_icuas\/tutorial-t7-full-day\/\">T7: Aerial Core [\u2026]<\/a> (June 21, full day, 9:00-17:00)<\/li><\/ul>\n\n\n\n<p>Other tutorials will <strong>not <\/strong>be offered. The participants who registered for those tutorials can either apply for reimbursement, or enroll in a different tutorial.<\/p>\n\n\n\n<hr class=\"wp-block-separator\"\/>\n\n\n\n<p>For more details, please click on the tutorial title. <\/p>\n\n\n\n<h4>T1 (half-day, 14:00-18:00 h)<strong> [cancelled]<\/strong><\/h4>\n\n\n\n<p><strong><a href=\"http:\/\/www.uasconferences.com\/2022_icuas\/tutorial-t1-half-day\/\" data-type=\"page\" data-id=\"735\">[T1] Integrated Prognostics and Health Management Technologies for UAS Autonomy, Resilience and Safety<\/a><\/strong><br>George J. Vachtsevanos<sup>1<\/sup> and Kimon P. Valavanis<sup>2<\/sup><br><em><sup>1<\/sup>School of Electrical and Computer Engineering, Georgia Institute of Technology, USA; <\/em><br><em><sup>2<\/sup>D. F. Ritchie School of Engineering and Computer Science, University of Denver, USA<\/em><\/p>\n\n\n\n<h4>T2 (half-day, 9.00-13.00 h) <strong>[cancelled]<\/strong><\/h4>\n\n\n\n<p><strong><a href=\"http:\/\/www.uasconferences.com\/2022_icuas\/tutorial-t2-half-day\/\" data-type=\"page\" data-id=\"768\">[T2] Towards UAV-Based Airborne Computing: Applications, Design and Prototype <\/a><\/strong><br>Yan Wan<sup>1<\/sup>, Kejie Lu<sup>2<\/sup>, Shengli Fu<sup>3<\/sup>, Junfei Xie<sup>4<\/sup><br><em><sup>1<\/sup>Department of Electrical Engineering, University of Texas at Arlington, USA; <\/em><br><em><sup>2<\/sup>Department of Electrical and Computer Engineering, University of Puerto Rico at Mayag\u00fcez, Puerto Rico<\/em>;<br><em><sup>3<\/sup>Department of Electrical Engineering, University of North Texas, Denton, USA; <\/em><br><sup><em>4<\/em><\/sup><em>Department of Electrical and Computer Engineering, San Diego State University, USA<\/em><\/p>\n\n\n\n<h4>T3 (full day, 9:00-17:00 h)<strong> [confirmed]<\/strong><\/h4>\n\n\n\n<p><strong><a href=\"http:\/\/www.uasconferences.com\/2022_icuas\/tutorial-t3-half-day\/\"><\/a><a href=\"http:\/\/www.uasconferences.com\/2022_icuas\/tutorial-t3-half-day\/\" data-type=\"page\" data-id=\"815\"><strong>[T3] N<\/strong>ew Developments on Sense-and-Avoid (S&amp;A), Distributed Fault Diagnosis (DFD), Fault-Tolerant Control (FTC) and Fault-Tolerant Cooperative Control (FTCC) Techniques for UAVs and Their Applications<\/a><\/strong> <br>Youmin Zhang<sup>1<\/sup>, Didier Theilliol<sup>2<\/sup>, Marios M. Polycarpou<sup>3<\/sup>, Panayiotis Kolios<sup>4<\/sup>, Pedro Castillo<sup>5<\/sup>, Andrea Monteriu<sup>6<\/sup>, Xiang Yu<sup>7<\/sup>, Ban Wang<sup>8<\/sup>, Ziquan Yu<sup>9<\/sup> <br><sup><em>1<\/em><\/sup><em>Concordia University, Canada;<\/em><br><sup><em>2<\/em><\/sup><em>University of Lorraine, France;<\/em> <em><br><\/em><sup><em>3<\/em><\/sup><em>University of Cyprus, Cypurs;<br><\/em><sup><em>4<\/em><\/sup><em>KIOS Research and Innovation Center of Excellence, and University of Cyprus, Cyprus;<br><\/em><sup><em>5<\/em><\/sup><em>Sorbonne Universit\u00e9s, Universit\u00e9 de Technologie de Compi\u00e8gne, France;<br><\/em><sup><em>6<\/em><\/sup><em>Dipartimento di Ingegneria dell&#8217;Informazione, Universit\u00e0 Politecnica delle Marche, Italy;<br><\/em><sup><em>7<\/em><\/sup><em>School of Automation Science and Electrical Engineering, Beihang University, China;<br><\/em><sup><em>8<\/em><\/sup><em>School of Aeronautics, Northwestern Polytechnical University, China;<br><\/em><sup><em>9<\/em><\/sup><em>College of Automation Engineering, Nanjing University of Aeronautics and Astronautics, China<\/em><br><\/p>\n\n\n\n<h4>T4 (full day, 9:00-17:00 h)<strong> [cancelled]<\/strong><\/h4>\n\n\n\n<p><a href=\"http:\/\/www.uasconferences.com\/2022_icuas\/tutorial-t4-full-day\/\" data-type=\"page\" data-id=\"824\"><strong>[T4] Drones as Edge Devices: Challenges, Technologies, and Applications<\/strong><\/a><br>YangQuan Chen<sup>1<\/sup>, Kimon P. Valavanis<sup>2<\/sup>, Derek Hollenbeck<sup>1<\/sup>, Haoyu Niu<sup>1<\/sup><br><sup><em>1<\/em><\/sup><em>Mechatronics, Embedded Systems and Automation Lab (MESA Lab) <\/em>and <em>School of Engineering, University of California, Merced, USA;<br><\/em><sup><em>2<\/em><\/sup><em>D. F. Ritchie School of Engineering and Computer Science, University of Denver, USA<\/em><\/p>\n\n\n\n<p><\/p>\n\n\n\n<h4>T5 (half-day, 9:00-13:00 h)<strong> [cancelled]<\/strong><\/h4>\n\n\n\n<p><strong><a href=\"http:\/\/www.uasconferences.com\/2022_icuas\/tutorial-t5-half-day\/\" data-type=\"page\" data-id=\"2243\"><strong>[T5] F<\/strong>uture surveillance technologies to assure a harmonized airspace integration of Unmanned Aircraft Systems in Controlled and Uncontrolled Airspace<\/a><\/strong><br>Maarten Uijt de Haag<sup>1<\/sup>, Christian Janke<sup>2<\/sup><em><br><sup>1<\/sup>Technische Universit\u00e4t Berlin, Institute of Aeronautics and Astronautics, Chair of Flight Guidance and Air Transportation, Berlin, Germany<br><sup>2<\/sup>Embry Riddle Aeronautical University Worldwide, College of Aeronautics, Frankfurt\/M., Germany<\/em><\/p>\n\n\n\n<h4>T6 (half-day, 14:00-18:00 h)<strong><strong> [confirmed]<\/strong><\/strong><\/h4>\n\n\n\n<p><strong><a href=\"http:\/\/www.uasconferences.com\/2022_icuas\/workshop\/\" data-type=\"page\" data-id=\"2298\">[T6] Workshop: U-space for the future Urban Air Mobility: concepts and challenges<\/a><\/strong><br>Aurelie Aurilla Arntzen<em><sup>1<\/sup><\/em>, Esther Nistal Caba\u00f1as<sup>2<\/sup>, Ole Henrik Dahle<sup><em>3<\/em><\/sup>, Ivo Cr\u00e9<sup><em>4<\/em><\/sup><br><em><sup>1<\/sup> University of South-Eastern Norway, Norway<br><sup>2<\/sup> Ingenier\u00eda de Sistemas para la Defensa de <em>Espa\u00f1a<\/em><\/em> (<em>ISDEFE), Spain<br><sup><em>3<\/em><\/sup> Indra Navia, Norway<br><sup><em>4<\/em><\/sup> POLIS, Belgium<\/em><\/p>\n\n\n\n<h4>T7 (full-day, 9:00-17:00 h)<strong><strong> [confirmed]<\/strong><\/strong><\/h4>\n\n\n\n<p><strong><a href=\"http:\/\/www.uasconferences.com\/2022_icuas\/tutorial-t7-full-day\/\" data-type=\"page\" data-id=\"2297\"><\/a><a href=\"http:\/\/www.uasconferences.com\/2022_icuas\/tutorial-t7-full-day\/\" data-type=\"page\" data-id=\"2297\"><strong>[T7] A<\/strong>erial Core&nbsp; &#8211; boosting the adoption of aerial robotics in real-world applications<\/a><\/strong><br>Stjepan Bogdan<br><em>University of Zagreb, Faculty of Electrical Engineering and Computing, Croatia<\/em><br><\/p>\n\n\n\n<p><\/p>\n","protected":false},"excerpt":{"rendered":"<p>All tutorials and workshops will take place on Tuesday June 21, 2022. Updated information [May 24, 2022]: The tutorials and workshops that received the minimum number of advance registrations are: T3: New Developments on Sense-and-Avoid[\u2026] (June 21, full day, 9:00-17:00) T6: U-space for the future Urban Air Mobility[\u2026] (June 21, half-day, 14:00-18:00) T7: Aerial Core&hellip;<\/p>\n","protected":false},"author":1,"featured_media":0,"parent":0,"menu_order":0,"comment_status":"closed","ping_status":"closed","template":"","meta":[],"_links":{"self":[{"href":"https:\/\/www.uasconferences.com\/2022_icuas\/wp-json\/wp\/v2\/pages\/740"}],"collection":[{"href":"https:\/\/www.uasconferences.com\/2022_icuas\/wp-json\/wp\/v2\/pages"}],"about":[{"href":"https:\/\/www.uasconferences.com\/2022_icuas\/wp-json\/wp\/v2\/types\/page"}],"author":[{"embeddable":true,"href":"https:\/\/www.uasconferences.com\/2022_icuas\/wp-json\/wp\/v2\/users\/1"}],"replies":[{"embeddable":true,"href":"https:\/\/www.uasconferences.com\/2022_icuas\/wp-json\/wp\/v2\/comments?post=740"}],"version-history":[{"count":35,"href":"https:\/\/www.uasconferences.com\/2022_icuas\/wp-json\/wp\/v2\/pages\/740\/revisions"}],"predecessor-version":[{"id":2517,"href":"https:\/\/www.uasconferences.com\/2022_icuas\/wp-json\/wp\/v2\/pages\/740\/revisions\/2517"}],"wp:attachment":[{"href":"https:\/\/www.uasconferences.com\/2022_icuas\/wp-json\/wp\/v2\/media?parent=740"}],"curies":[{"name":"wp","href":"https:\/\/api.w.org\/{rel}","templated":true}]}}